{"id":5780,"date":"2023-08-25T12:24:27","date_gmt":"2023-08-25T10:24:27","guid":{"rendered":"https:\/\/www.pulse-group.org\/oribi\/"},"modified":"2023-12-20T11:37:34","modified_gmt":"2023-12-20T10:37:34","slug":"oribi","status":"publish","type":"page","link":"https:\/\/www.pulse-group.org\/en\/qui-sommes-nous\/nos-entites\/oribi\/","title":{"rendered":"Oribi"},"content":{"rendered":"<div id=\"field_pow3e0e064423fd4d91\" class=\"container-fluid px-0 flexible_section block_innertemplate\">\n   <div class=\"row flexible_section_content\">\n\n\n\n<style>\n\n\t:root {\n\t\t--currentcolor : #f2b41f;\n\t}\n\t\n\t.bg-entite { background-color: var(--currentcolor); }\n\t.co-entite { color: var(--currentcolor)!important; }\n\n<\/style>\n\n  <\/div>\n\n<\/div>\n\n\n<div id=\"field_pow12935363397040e0\" class=\"container-fluid px-0 flexible_section pageheader block_columns\">\n <div id=\"field_pow12935363397040e0_inner\" class=\"container flexible_section_inner\">\n\n   <div class=\"row flexible_section_content\">\n\n   <div class=\"mb-3 mb-sm-0 col-sm-6 colonne colonne1\">\n    <div class=\"colonne_inner text-left d-flex align-items-center justify-content-start\">\n    <div class=\"colonne_inner_sub \">\n<p>WHO WE ARE ?<\/p>\n<h1>OUR ENTITIES<br \/>\nORIBI<\/h1>\n    <\/div>\n    <\/div>\n   <\/div>\n   <div class=\"col-sm-6 colonne colonne2\">\n    <div class=\"colonne_inner  text-right\">\n<p><img loading=\"lazy\" decoding=\"async\" class=\"alignnone size-medium wp-image-3482\" src=\"https:\/\/www.pulse-group.org\/wp-content\/uploads\/2023\/08\/header-manifeste-300x181.png\" alt=\"\" width=\"300\" height=\"181\" srcset=\"https:\/\/www.pulse-group.org\/wp-content\/uploads\/2023\/08\/header-manifeste-300x181.png 300w, https:\/\/www.pulse-group.org\/wp-content\/uploads\/2023\/08\/header-manifeste.png 412w\" sizes=\"auto, (max-width: 300px) 100vw, 300px\" \/><\/p>\n    <\/div>\n   <\/div>\n  <\/div>\n\n <\/div>\n<\/div>\n\n\n<div id=\"field_powe696a11811ae4511\" class=\"container-fluid px-0 flexible_section block_columns\">\n <div id=\"field_powe696a11811ae4511_inner\" class=\"container flexible_section_inner\">\n\n  <div class=\"row flexible_section_title_container\"><div class=\"col-12 flexible_section_title_col\"><h2 class=\"flexible_section_title mb-3 text-left  \">MISSIONS AND VISIONS<\/h2><\/div><\/div>\n   <div class=\"row flexible_section_content\">\n\n   <div class=\"mb-3 mb-sm-0 col-sm-6 colonne colonne1\">\n    <div class=\"colonne_inner  text-left\">\n<p><img loading=\"lazy\" decoding=\"async\" class=\"mr-2 alignleft wp-image-4464 size-full\" src=\"https:\/\/www.pulse-group.org\/wp-content\/uploads\/2023\/10\/logo-oribi.png\" alt=\"\" width=\"220\" height=\"120\" \/>Oribi&#8217;s mission is to promote positive social and environmental impact through impact entrepreneurship. The World Bank report &#8220;Inequality in Southern Africa: An Assessment of the Southern African Customs Union (Sacu)&#8221; notes that South Africa is characterized by &#8220;high wealth inequality and economic polarization (particularly in labor markets)&#8221;. Its main objective is to support impact entrepreneurs to foster inclusive economic development.<\/p>\n    <\/div>\n   <\/div>\n   <div class=\"col-sm-6 colonne colonne2\">\n    <div class=\"colonne_inner  text-left\">\n<p>To this end, the incubator promotes the creation of sustainable, alternative ecosystems. It particularly targets marginalized and under-served urban and rural areas, as well as young people and women. In line with the Sustainable Development Goals, it seeks to address South Africa&#8217;s rising unemployment and poverty rates, while applying a gender-sensitive approach to all our entrepreneurship support programs.<\/p>\n<p>Oribi provides social innovators with entrepreneurial and foundational skills, funding and networking opportunities.<\/p>\n    <\/div>\n   <\/div>\n  <\/div>\n\n <\/div>\n<\/div>\n\n\n<div id=\"field_pow66e8916624cd45d2\" class=\"container-fluid px-0 flexible_section bg-entite block_columns\">\n <div id=\"field_pow66e8916624cd45d2_inner\" class=\"container flexible_section_inner\">\n\n  <div class=\"row flexible_section_title_container\"><div class=\"col-12 flexible_section_title_col\"><h2 class=\"flexible_section_title mb-3 text-left  bleu \">KEY FIGURES<\/h2><\/div><\/div>\n   <div class=\"row flexible_section_content\">\n\n   <div class=\"mb-3 mb-sm-0 col-sm-6 colonne colonne1\">\n    <div class=\"colonne_inner  text-left\">\n<p class=\"chiffrecle\">+ de 50<\/p>\n<p>entrepreneurs supported every year<\/p>\n    <\/div>\n   <\/div>\n   <div class=\"col-sm-6 colonne colonne2\">\n    <div class=\"colonne_inner  text-left\">\n<p class=\"chiffrecle\">2<\/p>\n<p>themes: raising awareness and supporting women with #GirlsInBusiness, and food systems with an incubation and financing program with #FoodSystem<\/p>\n    <\/div>\n   <\/div>\n  <\/div>\n\n <\/div>\n<\/div>\n\n\n<div id=\"field_pow0cec8fdb5baa4a03\" class=\"container-fluid px-0 flexible_section block_logosgrid\">\n <div id=\"field_pow0cec8fdb5baa4a03_inner\" class=\"container flexible_section_inner\">\n\n  <div class=\"row flexible_section_title_container\"><div class=\"col-12 flexible_section_title_col\"><h2 class=\"flexible_section_title mb-3 text-left  \">PARTNERS<\/h2><\/div><\/div>\n<div class=\"container_full\" id=\"logogrid_pow0cec8fdb5baa4a03_outer\">\n<div class=\"container\">\n<div id=\"gridlogos_pow0cec8fdb5baa4a03\" class=\"row row-cols-2 row-cols-md-3 row-cols-lg-4 \">\n<div class=\"col-sm-6 col-md-4 col-lg-3  align-self-center px-0 py-3\"> <div class=\"logo_container\">  <img decoding=\"async\" src=\"https:\/\/www.pulse-group.org\/wp-content\/uploads\/2023\/10\/amandla.png\" alt=\"\" class=\"logo \" \/> <\/div>\n<\/div>\n<div class=\"col-sm-6 col-md-4 col-lg-3  align-self-center px-0 py-3\"> <div class=\"logo_container\">  <img decoding=\"async\" src=\"https:\/\/www.pulse-group.org\/wp-content\/uploads\/2023\/10\/FEED.png\" alt=\"\" class=\"logo \" \/> <\/div>\n<\/div>\n<div class=\"col-sm-6 col-md-4 col-lg-3  align-self-center px-0 py-3\"> <div class=\"logo_container\">  <img decoding=\"async\" src=\"https:\/\/www.pulse-group.org\/wp-content\/uploads\/2023\/10\/Ikamva-Youth.png\" alt=\"\" class=\"logo \" \/> <\/div>\n<\/div>\n<div class=\"col-sm-6 col-md-4 col-lg-3  align-self-center px-0 py-3\"> <div class=\"logo_container\">  <img decoding=\"async\" src=\"https:\/\/www.pulse-group.org\/wp-content\/uploads\/2023\/10\/Logo-Philippi.png\" alt=\"\" class=\"logo \" \/> <\/div>\n<\/div>\n<div class=\"col-sm-6 col-md-4 col-lg-3  align-self-center px-0 py-3\"> <div class=\"logo_container\">  <img decoding=\"async\" src=\"https:\/\/www.pulse-group.org\/wp-content\/uploads\/2023\/10\/Open-Design-Afrika.png\" alt=\"\" class=\"logo \" \/> <\/div>\n<\/div>\n<div class=\"col-sm-6 col-md-4 col-lg-3  align-self-center px-0 py-3\"> <div class=\"logo_container\">  <img decoding=\"async\" src=\"https:\/\/www.pulse-group.org\/wp-content\/uploads\/2023\/10\/oxfam-sa.png\" alt=\"\" class=\"logo \" \/> <\/div>\n<\/div>\n<div class=\"col-sm-6 col-md-4 col-lg-3  align-self-center px-0 py-3\"> <div class=\"logo_container\">  <img decoding=\"async\" src=\"https:\/\/www.pulse-group.org\/wp-content\/uploads\/2023\/10\/smart-mobility-summiy.png\" alt=\"\" class=\"logo \" \/> <\/div>\n<\/div>\n<div class=\"col-sm-6 col-md-4 col-lg-3  align-self-center px-0 py-3\"> <div class=\"logo_container\">  <img decoding=\"async\" src=\"https:\/\/www.pulse-group.org\/wp-content\/uploads\/2023\/10\/Social-Enterprise-Academy.png\" alt=\"\" class=\"logo \" \/> <\/div>\n<\/div>\n<div class=\"col-sm-6 col-md-4 col-lg-3  align-self-center px-0 py-3\"> <div class=\"logo_container\">  <img decoding=\"async\" src=\"https:\/\/www.pulse-group.org\/wp-content\/uploads\/2023\/10\/UCLEI-\u2013-AfrifoodLinks-Project-.png\" alt=\"\" class=\"logo \" \/> <\/div>\n<\/div>\n<div class=\"col-sm-6 col-md-4 col-lg-3  align-self-center px-0 py-3\"> <div class=\"logo_container\">  <img decoding=\"async\" src=\"https:\/\/www.pulse-group.org\/wp-content\/uploads\/2023\/10\/University-of-Limpopo.png\" alt=\"\" class=\"logo \" \/> <\/div>\n<\/div>\n<div class=\"col-sm-6 col-md-4 col-lg-3  align-self-center px-0 py-3\"> <div class=\"logo_container\">  <img decoding=\"async\" src=\"https:\/\/www.pulse-group.org\/wp-content\/uploads\/2023\/10\/Workshop-17.png\" alt=\"\" class=\"logo \" \/> <\/div>\n<\/div>\n<div class=\"col-sm-6 col-md-4 col-lg-3  align-self-center px-0 py-3\"> <div class=\"logo_container\">  <img decoding=\"async\" src=\"https:\/\/www.pulse-group.org\/wp-content\/uploads\/2023\/10\/belleandco.png\" alt=\"\" class=\"logo \" \/> <\/div>\n<\/div>\n<\/div>\n<\/div>\n<\/div>\n <\/div>\n<\/div>\n\n\n<div id=\"field_pow68d06dd850894906\" class=\"container-fluid px-0 flexible_section block_columns\">\n <div id=\"field_pow68d06dd850894906_inner\" class=\"container flexible_section_inner\">\n\n   <div class=\"row flexible_section_content\">\n\n   <div class=\"mb-3 mb-sm-0 col-sm-6 colonne colonne1\">\n    <div class=\"colonne_inner  text-left\">\n<p><img loading=\"lazy\" decoding=\"async\" class=\"alignnone wp-image-4428 size-full\" src=\"https:\/\/www.pulse-group.org\/wp-content\/uploads\/2023\/10\/ORIBI-Programme-Girls-In-Business.jpg\" alt=\"\" width=\"750\" height=\"490\" srcset=\"https:\/\/www.pulse-group.org\/wp-content\/uploads\/2023\/10\/ORIBI-Programme-Girls-In-Business.jpg 750w, https:\/\/www.pulse-group.org\/wp-content\/uploads\/2023\/10\/ORIBI-Programme-Girls-In-Business-300x196.jpg 300w\" sizes=\"auto, (max-width: 750px) 100vw, 750px\" \/><\/p>\n    <\/div>\n   <\/div>\n   <div class=\"col-sm-6 colonne colonne2\">\n    <div class=\"colonne_inner  text-left\">\n<p><img loading=\"lazy\" decoding=\"async\" class=\"alignnone wp-image-4426 size-full\" src=\"https:\/\/www.pulse-group.org\/wp-content\/uploads\/2023\/10\/ORIBI-Programme-Girls-In-Business-3.jpg\" alt=\"\" width=\"750\" height=\"490\" srcset=\"https:\/\/www.pulse-group.org\/wp-content\/uploads\/2023\/10\/ORIBI-Programme-Girls-In-Business-3.jpg 750w, https:\/\/www.pulse-group.org\/wp-content\/uploads\/2023\/10\/ORIBI-Programme-Girls-In-Business-3-300x196.jpg 300w\" sizes=\"auto, (max-width: 750px) 100vw, 750px\" \/><\/p>\n    <\/div>\n   <\/div>\n  <\/div>\n\n <\/div>\n<\/div>\n\n\n<div id=\"field_pow222296c955104842\" class=\"container-fluid px-0 flexible_section block_innertemplate\">\n <div id=\"field_pow222296c955104842_inner\" class=\"container flexible_section_inner bg-entite\">\n\n  <div class=\"row flexible_section_title_container\"><div class=\"col-12 flexible_section_title_col\"><h2 class=\"flexible_section_title mb-3 text-left  bleu \">FOLLOW US<\/h2><\/div><\/div>\n   <div class=\"row flexible_section_content\">\n\n<ul class=\"rs_navbar_entites\"><li><a href=\"https:\/\/www.oribi.org.za\/\" target=\"_blank\"><i class=\"fas fa-external-link-square-alt\"><\/i><\/a><\/li><li><a href=\"https:\/\/ www.linkedin.com\/company\/oribi-village\" target=\"_blank\"><i class=\"fab fa-linkedin\"><\/i><\/a><\/li><li><a href=\"https:\/\/www.facebook.com\/ORIBIVillage\/\" target=\"_blank\"><i class=\"fab fa-facebook-square\"><\/i><\/a><\/li><li><a href=\"https:\/\/twitter.com\/OribiV\" target=\"_blank\"><i class=\"fab fa-twitter-square\"><\/i><\/a><\/li><\/ul>  <\/div>\n\n <\/div>\n<\/div>\n\n\n\n\n<div id=\"field_pow3ac7ab304cf64005\" class=\"container-fluid px-0 flexible_section block_innertemplate\">\n <div id=\"field_pow3ac7ab304cf64005_inner\" class=\"container flexible_section_inner\">\n\n   <div class=\"row flexible_section_content\">\n\n\n\t<div class=\"container-fluid px-0\" id=\"grid_powdbd57f7781424fdc_outer\">\n\t\t<div class=\"container px-0\">\n\t\t\t<div class=\"row\">\n\t\t\t\t<div class=\"col-12\">\n\t\t\t\t\t<h2 class=\"flexible_section_title mb-5 text-left co-entite\">PROJECTS INITIATED BY reach<\/h2>\n\t\t\t\t<\/div>\n\t\t\t<\/div>\n\t\t<\/div>\n\t\t<div class=\"container px-0\">\n\t\t\t<div class=\"row row-cols-1 row-cols-md-2 row-cols-lg-4 flexible_section_content\" id=\"grid_powdbd57f7781424fdc\">\n\t\n\t\t\t<div class=\"col-sm-12 col-md-6 col-lg-3 item mb-3\">\n\t\t\t\t<div class=\"projet_item linkablet bg-bleu p-3 h-100\" data-dest=\"https:\/\/www.pulse-group.org\/en\/projets-en\/reach\/\">\n\t\t\t\t\t<h3 class=\"white\">REACH<\/h3>\n\t\t\t\t\t<div class=\"white accroche\"><p>Coordinated by PULSE, the REACH project aims to strengthen access to social entrepreneurship for women and young people living in marginalized areas of Senegal and South Africa.<\/p>\n<\/div>\n\t\t\t\t\t<p class=\"item_more\"><a href=\"https:\/\/www.pulse-group.org\/en\/projets-en\/reach\/\" class=\"buttonorange\">Read more<\/a><\/p>\n\t\t\t\t<\/div>\n\t\t\t<\/div>\t\n\t\t\n\t\t<\/div>\n\t\t<div class=\"row flexible_section_footer\">\n\t\t\t<div class=\"col\">\n\t\t\t\t<p style=\"text-align: center\">\n\t\t\t\t\t<a class=\"buttonbleu\" href=\"https:\/\/www.pulse-group.org\/en\/nos-projets\/\">See all our projects<\/a>\n\t\t\t\t<\/p>\n\t\t\t<\/div>\n\t\t<\/div>\n\t<\/div>\n\t  <\/div>\n\n <\/div>\n<\/div>\n\n\n<div id=\"field_pow588db1bf608f4e8d\" class=\"container-fluid px-0 flexible_section block_categorygrid\">\n <div id=\"field_pow588db1bf608f4e8d_inner\" class=\"container flexible_section_inner\">\n\n  <div class=\"row flexible_section_title_container\"><div class=\"col-12 flexible_section_title_col\"><h2 class=\"flexible_section_title mb-3 text-left  co-entite \">LES PROGRAMMES PORT\u00c9S PAR Oribi<\/h2><\/div><\/div>\n<div class=\"container-fluid px-0\" id=\"grid_pow588db1bf608f4e8d_outer\">\n<div class=\"container px-0\">\n  <div class=\"row row-cols-1 row-cols-md-3 row-cols-lg-3 flexible_section_content\" id=\"grid_pow588db1bf608f4e8d\">\n   <div class=\"col-sm-12 col-md-4 col-lg-4  item mb-3 elem-1\">\n<div class=\"item_content linkable bg-orange white p-3 h-100 elem_programme_entite\" data-dest=\"https:\/\/www.pulse-group.org\/en\/programs\/girlsinbusiness\/\">\r\n<h3 class=\"white\">GirlsInBusiness<\/h3>\r\n<div class=\"item_content_excerpt\"><p>A three-stage innovation programme designed to help young girls identify the problems they are passionate about, come up with innovative ideas and create business opportunities<\/p>\n<\/div>\r\n<div class=\"item_more text-right\"><a href=\"https:\/\/www.pulse-group.org\/en\/programs\/girlsinbusiness\/\" class=\"buttonbleu\">Lire la suite<\/a><\/div>\r\n<\/div>   <\/div>\n   <div class=\"col-sm-12 col-md-4 col-lg-4  item mb-3 elem-2\">\n<div class=\"item_content linkable bg-orange white p-3 h-100 elem_programme_entite\" data-dest=\"https:\/\/www.pulse-group.org\/en\/programs\/foodsystem\/\">\r\n<h3 class=\"white\">FoodSystem<\/h3>\r\n<div class=\"item_content_excerpt\"><p>Le programme permet de connecter et d\u2019acc\u00e9der \u00e0 un r\u00e9seau de mentors, d&#8217;experts et d&#8217;innovateurs alimentaires qui transforment le syst\u00e8me alimentaire pour de bon.<\/p>\n<\/div>\r\n<div class=\"item_more text-right\"><a href=\"https:\/\/www.pulse-group.org\/en\/programs\/foodsystem\/\" class=\"buttonbleu\">Lire la suite<\/a><\/div>\r\n<\/div>   <\/div>\n  <\/div>\n<\/div>\n<\/div>\n <\/div>\n<\/div>\n","protected":false},"excerpt":{"rendered":"","protected":false},"author":1,"featured_media":0,"parent":5789,"menu_order":0,"comment_status":"closed","ping_status":"closed","template":"page-flexipow.php","meta":{"_acf_changed":false,"inline_featured_image":false,"footnotes":""},"class_list":["post-5780","page","type-page","status-publish","hentry"],"acf":[],"yoast_head":"<!-- This site is optimized with the Yoast SEO plugin v27.3 - https:\/\/yoast.com\/product\/yoast-seo-wordpress\/ -->\n<title>Oribi - PULSE<\/title>\n<meta name=\"robots\" content=\"index, follow, max-snippet:-1, max-image-preview:large, max-video-preview:-1\" \/>\n<link rel=\"canonical\" href=\"https:\/\/www.pulse-group.org\/en\/qui-sommes-nous\/nos-entites\/oribi\/\" \/>\n<meta property=\"og:locale\" content=\"en_US\" \/>\n<meta property=\"og:type\" content=\"article\" \/>\n<meta property=\"og:title\" content=\"Oribi - PULSE\" \/>\n<meta property=\"og:url\" content=\"https:\/\/www.pulse-group.org\/en\/qui-sommes-nous\/nos-entites\/oribi\/\" \/>\n<meta property=\"og:site_name\" content=\"PULSE\" \/>\n<meta property=\"article:publisher\" content=\"https:\/\/www.facebook.com\/Pulse.GroupeSOS\/\" \/>\n<meta property=\"article:modified_time\" content=\"2023-12-20T10:37:34+00:00\" \/>\n<meta name=\"twitter:card\" content=\"summary_large_image\" \/>\n<meta name=\"twitter:site\" content=\"@Pulse_GroupeSOS\" \/>\n<meta name=\"twitter:label1\" content=\"Est. reading time\" \/>\n\t<meta name=\"twitter:data1\" content=\"5 minutes\" \/>\n<script type=\"application\/ld+json\" class=\"yoast-schema-graph\">{\"@context\":\"https:\\\/\\\/schema.org\",\"@graph\":[{\"@type\":\"WebPage\",\"@id\":\"https:\\\/\\\/www.pulse-group.org\\\/en\\\/qui-sommes-nous\\\/nos-entites\\\/oribi\\\/\",\"url\":\"https:\\\/\\\/www.pulse-group.org\\\/en\\\/qui-sommes-nous\\\/nos-entites\\\/oribi\\\/\",\"name\":\"Oribi - PULSE\",\"isPartOf\":{\"@id\":\"https:\\\/\\\/www.pulse-group.org\\\/en\\\/#website\"},\"datePublished\":\"2023-08-25T10:24:27+00:00\",\"dateModified\":\"2023-12-20T10:37:34+00:00\",\"breadcrumb\":{\"@id\":\"https:\\\/\\\/www.pulse-group.org\\\/en\\\/qui-sommes-nous\\\/nos-entites\\\/oribi\\\/#breadcrumb\"},\"inLanguage\":\"en-US\",\"potentialAction\":[{\"@type\":\"ReadAction\",\"target\":[\"https:\\\/\\\/www.pulse-group.org\\\/en\\\/qui-sommes-nous\\\/nos-entites\\\/oribi\\\/\"]}]},{\"@type\":\"BreadcrumbList\",\"@id\":\"https:\\\/\\\/www.pulse-group.org\\\/en\\\/qui-sommes-nous\\\/nos-entites\\\/oribi\\\/#breadcrumb\",\"itemListElement\":[{\"@type\":\"ListItem\",\"position\":1,\"name\":\"Accueil\",\"item\":\"https:\\\/\\\/www.pulse-group.org\\\/en\\\/\"},{\"@type\":\"ListItem\",\"position\":2,\"name\":\"Qui sommes-nous ?\",\"item\":\"https:\\\/\\\/www.pulse-group.org\\\/en\\\/qui-sommes-nous\\\/\"},{\"@type\":\"ListItem\",\"position\":3,\"name\":\"Our entities\",\"item\":\"https:\\\/\\\/www.pulse-group.org\\\/en\\\/qui-sommes-nous\\\/nos-entites\\\/\"},{\"@type\":\"ListItem\",\"position\":4,\"name\":\"Oribi\"}]},{\"@type\":\"WebSite\",\"@id\":\"https:\\\/\\\/www.pulse-group.org\\\/en\\\/#website\",\"url\":\"https:\\\/\\\/www.pulse-group.org\\\/en\\\/\",\"name\":\"PULSE\",\"description\":\"Entrepreneuriat \u00e0 impact\",\"publisher\":{\"@id\":\"https:\\\/\\\/www.pulse-group.org\\\/en\\\/#organization\"},\"potentialAction\":[{\"@type\":\"SearchAction\",\"target\":{\"@type\":\"EntryPoint\",\"urlTemplate\":\"https:\\\/\\\/www.pulse-group.org\\\/en\\\/?s={search_term_string}\"},\"query-input\":{\"@type\":\"PropertyValueSpecification\",\"valueRequired\":true,\"valueName\":\"search_term_string\"}}],\"inLanguage\":\"en-US\"},{\"@type\":\"Organization\",\"@id\":\"https:\\\/\\\/www.pulse-group.org\\\/en\\\/#organization\",\"name\":\"PULSE\",\"url\":\"https:\\\/\\\/www.pulse-group.org\\\/en\\\/\",\"logo\":{\"@type\":\"ImageObject\",\"inLanguage\":\"en-US\",\"@id\":\"https:\\\/\\\/www.pulse-group.org\\\/en\\\/#\\\/schema\\\/logo\\\/image\\\/\",\"url\":\"https:\\\/\\\/www.pulse-group.org\\\/wp-content\\\/uploads\\\/2023\\\/08\\\/PULSE_LOGO_COULEUR.svg\",\"contentUrl\":\"https:\\\/\\\/www.pulse-group.org\\\/wp-content\\\/uploads\\\/2023\\\/08\\\/PULSE_LOGO_COULEUR.svg\",\"width\":348,\"height\":214,\"caption\":\"PULSE\"},\"image\":{\"@id\":\"https:\\\/\\\/www.pulse-group.org\\\/en\\\/#\\\/schema\\\/logo\\\/image\\\/\"},\"sameAs\":[\"https:\\\/\\\/www.facebook.com\\\/Pulse.GroupeSOS\\\/\",\"https:\\\/\\\/x.com\\\/Pulse_GroupeSOS\",\"https:\\\/\\\/www.linkedin.com\\\/company\\\/groupe-sos-pulse\\\/\"]}]}<\/script>\n<!-- \/ Yoast SEO plugin. -->","yoast_head_json":{"title":"Oribi - PULSE","robots":{"index":"index","follow":"follow","max-snippet":"max-snippet:-1","max-image-preview":"max-image-preview:large","max-video-preview":"max-video-preview:-1"},"canonical":"https:\/\/www.pulse-group.org\/en\/qui-sommes-nous\/nos-entites\/oribi\/","og_locale":"en_US","og_type":"article","og_title":"Oribi - PULSE","og_url":"https:\/\/www.pulse-group.org\/en\/qui-sommes-nous\/nos-entites\/oribi\/","og_site_name":"PULSE","article_publisher":"https:\/\/www.facebook.com\/Pulse.GroupeSOS\/","article_modified_time":"2023-12-20T10:37:34+00:00","twitter_card":"summary_large_image","twitter_site":"@Pulse_GroupeSOS","twitter_misc":{"Est. reading time":"5 minutes"},"schema":{"@context":"https:\/\/schema.org","@graph":[{"@type":"WebPage","@id":"https:\/\/www.pulse-group.org\/en\/qui-sommes-nous\/nos-entites\/oribi\/","url":"https:\/\/www.pulse-group.org\/en\/qui-sommes-nous\/nos-entites\/oribi\/","name":"Oribi - PULSE","isPartOf":{"@id":"https:\/\/www.pulse-group.org\/en\/#website"},"datePublished":"2023-08-25T10:24:27+00:00","dateModified":"2023-12-20T10:37:34+00:00","breadcrumb":{"@id":"https:\/\/www.pulse-group.org\/en\/qui-sommes-nous\/nos-entites\/oribi\/#breadcrumb"},"inLanguage":"en-US","potentialAction":[{"@type":"ReadAction","target":["https:\/\/www.pulse-group.org\/en\/qui-sommes-nous\/nos-entites\/oribi\/"]}]},{"@type":"BreadcrumbList","@id":"https:\/\/www.pulse-group.org\/en\/qui-sommes-nous\/nos-entites\/oribi\/#breadcrumb","itemListElement":[{"@type":"ListItem","position":1,"name":"Accueil","item":"https:\/\/www.pulse-group.org\/en\/"},{"@type":"ListItem","position":2,"name":"Qui sommes-nous ?","item":"https:\/\/www.pulse-group.org\/en\/qui-sommes-nous\/"},{"@type":"ListItem","position":3,"name":"Our entities","item":"https:\/\/www.pulse-group.org\/en\/qui-sommes-nous\/nos-entites\/"},{"@type":"ListItem","position":4,"name":"Oribi"}]},{"@type":"WebSite","@id":"https:\/\/www.pulse-group.org\/en\/#website","url":"https:\/\/www.pulse-group.org\/en\/","name":"PULSE","description":"Entrepreneuriat \u00e0 impact","publisher":{"@id":"https:\/\/www.pulse-group.org\/en\/#organization"},"potentialAction":[{"@type":"SearchAction","target":{"@type":"EntryPoint","urlTemplate":"https:\/\/www.pulse-group.org\/en\/?s={search_term_string}"},"query-input":{"@type":"PropertyValueSpecification","valueRequired":true,"valueName":"search_term_string"}}],"inLanguage":"en-US"},{"@type":"Organization","@id":"https:\/\/www.pulse-group.org\/en\/#organization","name":"PULSE","url":"https:\/\/www.pulse-group.org\/en\/","logo":{"@type":"ImageObject","inLanguage":"en-US","@id":"https:\/\/www.pulse-group.org\/en\/#\/schema\/logo\/image\/","url":"https:\/\/www.pulse-group.org\/wp-content\/uploads\/2023\/08\/PULSE_LOGO_COULEUR.svg","contentUrl":"https:\/\/www.pulse-group.org\/wp-content\/uploads\/2023\/08\/PULSE_LOGO_COULEUR.svg","width":348,"height":214,"caption":"PULSE"},"image":{"@id":"https:\/\/www.pulse-group.org\/en\/#\/schema\/logo\/image\/"},"sameAs":["https:\/\/www.facebook.com\/Pulse.GroupeSOS\/","https:\/\/x.com\/Pulse_GroupeSOS","https:\/\/www.linkedin.com\/company\/groupe-sos-pulse\/"]}]}},"_links":{"self":[{"href":"https:\/\/www.pulse-group.org\/en\/wp-json\/wp\/v2\/pages\/5780","targetHints":{"allow":["GET"]}}],"collection":[{"href":"https:\/\/www.pulse-group.org\/en\/wp-json\/wp\/v2\/pages"}],"about":[{"href":"https:\/\/www.pulse-group.org\/en\/wp-json\/wp\/v2\/types\/page"}],"author":[{"embeddable":true,"href":"https:\/\/www.pulse-group.org\/en\/wp-json\/wp\/v2\/users\/1"}],"replies":[{"embeddable":true,"href":"https:\/\/www.pulse-group.org\/en\/wp-json\/wp\/v2\/comments?post=5780"}],"version-history":[{"count":7,"href":"https:\/\/www.pulse-group.org\/en\/wp-json\/wp\/v2\/pages\/5780\/revisions"}],"predecessor-version":[{"id":6150,"href":"https:\/\/www.pulse-group.org\/en\/wp-json\/wp\/v2\/pages\/5780\/revisions\/6150"}],"up":[{"embeddable":true,"href":"https:\/\/www.pulse-group.org\/en\/wp-json\/wp\/v2\/pages\/5789"}],"wp:attachment":[{"href":"https:\/\/www.pulse-group.org\/en\/wp-json\/wp\/v2\/media?parent=5780"}],"curies":[{"name":"wp","href":"https:\/\/api.w.org\/{rel}","templated":true}]}}