{"id":6395,"date":"2023-10-25T15:18:34","date_gmt":"2023-10-25T13:18:34","guid":{"rendered":"https:\/\/www.pulse-group.org\/pulse-france\/"},"modified":"2024-03-21T17:34:13","modified_gmt":"2024-03-21T16:34:13","slug":"pulse-france","status":"publish","type":"page","link":"https:\/\/www.pulse-group.org\/en\/pulse-france\/","title":{"rendered":"Pulse France"},"content":{"rendered":"<div id=\"field_pow2bca0c089e024893\" class=\"container-fluid px-0 flexible_section pageheader block_columns\">\n <div id=\"field_pow2bca0c089e024893_inner\" class=\"container flexible_section_inner\">\n\n   <div class=\"row flexible_section_content\">\n\n   <div class=\"mb-3 mb-sm-0 col-sm-6 colonne colonne1\">\n    <div class=\"colonne_inner text-left d-flex align-items-center justify-content-start\">\n    <div class=\"colonne_inner_sub \">\n<p><span>OUR PROGRAMMES <\/span><span>\u00a0<\/span><\/p>\n<h1>PULSE France<\/h1>\n    <\/div>\n    <\/div>\n   <\/div>\n   <div class=\"col-sm-6 colonne colonne2\">\n    <div class=\"colonne_inner  text-right\">\n<p><img loading=\"lazy\" decoding=\"async\" class=\"alignnone size-medium wp-image-3631\" src=\"https:\/\/www.pulse-group.org\/wp-content\/uploads\/2023\/08\/header-notre-communaute-300x145.png\" alt=\"\" width=\"300\" height=\"145\" srcset=\"https:\/\/www.pulse-group.org\/wp-content\/uploads\/2023\/08\/header-notre-communaute-300x145.png 300w, https:\/\/www.pulse-group.org\/wp-content\/uploads\/2023\/08\/header-notre-communaute.png 545w\" sizes=\"auto, (max-width: 300px) 100vw, 300px\" \/><\/p>\n    <\/div>\n   <\/div>\n  <\/div>\n\n <\/div>\n<\/div>\n\n\n<div id=\"field_powb829507e561d4df9\" class=\"container-fluid px-0 flexible_section block_hero\">  <div id=\"field_powb829507e561d4df9_inner\" class=\"container flexible_section_inner\">    <div id=\"hero_powb829507e561d4df9\" class=\"hero_container px-0\">    <div class=\"hero_image_outer\"> <picture class=\"skip-lazy\">  \t\t\t\t\t<source srcset=\"https:\/\/www.pulse-group.org\/wp-content\/uploads\/2023\/10\/pulsefrance-home.jpg\" media=\"(min-width: 578px)\" class=\"skip-lazy\">  \t\t\t\t\t<img srcset=\"https:\/\/www.pulse-group.org\/wp-content\/uploads\/2023\/10\/pulsefrance-home_mob.jpg\" alt=\"\" class=\"heroimage\" \/>  \t\t\t\t<\/picture>   <\/div>    <div class=\"hero_content px-3 py-1 text-left animateOnScroll\" id=\"herocontent_powb829507e561d4df9\" data-anim=\"animate__fadeInUp\" data-delay=\"none\" data-speed=\"normal\" data-repeat=\"animate__repeat-1\">\t\t<div id=\"fieldcontent_powb829507e561d4df9_inner\"><h2 class=\"titleintropulsefrance mb-0\">A community of impact entrepreneurs<\/h2> <\/div>   <\/div>   <\/div>  <\/div> <\/div>\n\n<div id=\"field_pow2c6c1e7509aa4a81\" class=\"container-fluid px-0 flexible_section block_columns\">\n <div id=\"field_pow2c6c1e7509aa4a81_inner\" class=\"container flexible_section_inner\">\n\n   <div class=\"row flexible_section_content\">\n\n   <div class=\"mb-3 mb-sm-0 col-sm-6 colonne colonne1\">\n    <div class=\"colonne_inner  text-left\">\n<p><strong><span class=\"EOP SCXW166932240 BCX0\"><span class=\"TextRun SCXW45264296 BCX2\" lang=\"EN-GB\" xml:lang=\"EN-GB\"><span class=\"NormalTextRun SCXW45264296 BCX2\">PULSE is a strong collective working for social and environmental change.<\/span><\/span><\/span><\/strong><\/p>\n<p><span>At PULSE France, we believe in the power of teamwork and collaboration. Our support programmes are not limited to incubation; they extend well beyond that to support our social entrepreneurs in their quest for development and impact.<\/span><span>\u00a0<\/span><\/p>\n    <\/div>\n   <\/div>\n   <div class=\"col-sm-6 colonne colonne2\">\n    <div class=\"colonne_inner  text-left\">\n<p><span>It is with this in mind that we are bringing the alumni community to life.<\/span><span>\u00a0<\/span><\/p>\n<p><span>We want to <\/span><b><span>continue supporting the<\/span><\/b> <strong>development<\/strong><span> of impact projects once they have left the programmes.<\/span><span>\u00a0<\/span><\/p>\n<p><span>We want <\/span><b><span>to keep the rich alumni network alive <\/span><\/b><span>by continuing to provide concrete opportunities and visibility.<\/span><span>\u00a0<\/span><\/p>\n    <\/div>\n   <\/div>\n  <\/div>\n\n <\/div>\n<\/div>\n\n\n<div id=\"field_pow9fa4d97a5a974866\" class=\"container-fluid px-0 flexible_section block_columns\">\n <div id=\"field_pow9fa4d97a5a974866_inner\" class=\"container flexible_section_inner\">\n\n   <div class=\"row flexible_section_content\">\n\n   <div class=\"mb-3 mb-sm-0 col-sm-4 colonne colonne1\">\n    <div class=\"colonne_inner p-3 h-100 text-left\">\n<h4><b><span>Ongoing, practical support for the development of your projects<\/span><\/b><span>\u00a0<\/span><\/h4>\n<p><span>Our commitment to our alumni doesn&#8217;t stop once the incubation period is over. We remain by your side, at every stage of your entrepreneurial journey, to advise you, support you and help you overcome the challenges you face.<\/span><span>\u00a0<\/span><\/p>\n    <\/div>\n   <\/div>\n   <div class=\"mb-3 mb-sm-0 col-sm-4 colonne colonne2\">\n    <div class=\"colonne_inner p-3 h-100 text-left\">\n<h4><b><span>Making your successes and impact visible<\/span><\/b><span>\u00a0<\/span><\/h4>\n<p><span>Through our social networks, newsletter and ecosystem events, we offer you a showcase for your achievements, news and impact.<\/span><span>\u00a0<\/span><\/p>\n    <\/div>\n   <\/div>\n   <div class=\"col-sm-4 colonne colonne3\">\n    <div class=\"colonne_inner p-3 h-100 text-left\">\n<h4><b><span>Continuing to develop your skills<\/span><\/b><span>\u00a0<\/span><\/h4>\n<p><span>With tailor-made training courses and workshops, we offer you direct access to educational content and studies to support the development of your project.<\/span><span>\u00a0<\/span><\/p>\n    <\/div>\n   <\/div>\n  <\/div>\n\n <\/div>\n<\/div>\n\n\n<div id=\"field_pow516753ba953c48fd\" class=\"container-fluid px-0 flexible_section block_columns\">\n <div id=\"field_pow516753ba953c48fd_inner\" class=\"container flexible_section_inner\">\n\n   <div class=\"row flexible_section_content\">\n\n   <div class=\"mb-3 mb-sm-0 col-sm-4 colonne colonne1\">\n    <div class=\"colonne_inner p-3 h-100 text-left\">\n<h4><b><span>Network and collaborate with the community of social entrepreneurs<\/span><\/b><span>\u00a0<\/span><\/h4>\n<p><span>By joining the community, you become part of a circle of experienced and committed social entrepreneurs.<\/span><span>\u00a0<\/span><\/p>\n    <\/div>\n   <\/div>\n   <div class=\"mb-3 mb-sm-0 col-sm-4 colonne colonne2\">\n    <div class=\"colonne_inner p-3 h-100 text-left\">\n<h4><b><span>Accessing the opportunities offered by the impact ecosystem<\/span><\/b><span>\u00a0<\/span><\/h4>\n<p><span>We relay all the opportunities offered by the French impact ecosystem. Events, calls for projects, invitations to tender, contacts with funding bodies&#8230; we scan the opportunities and direct them to you.<\/span><span>\u00a0<\/span><\/p>\n    <\/div>\n   <\/div>\n   <div class=\"col-sm-4 colonne colonne3\">\n    <div class=\"colonne_inner  text-left\">\n    <\/div>\n   <\/div>\n  <\/div>\n\n <\/div>\n<\/div>\n\n\n<div id=\"field_pow3361157ef36e425d\" class=\"container-fluid px-0 flexible_section block_logosgrid\">\n <div id=\"field_pow3361157ef36e425d_inner\" class=\"container flexible_section_inner\">\n\n  <div class=\"row flexible_section_title_container\"><div class=\"col-12 flexible_section_title_col\"><h2 class=\"flexible_section_title mb-3 text-left  \">A FEW MEMBERS OF THE COMMUNITY <\/h2><\/div><\/div>\n<div class=\"container_full\" id=\"logogrid_pow3361157ef36e425d_outer\">\n<div class=\"container\">\n<div id=\"gridlogos_pow3361157ef36e425d\" class=\"row row-cols-2 row-cols-md-3 row-cols-lg-4 \">\n<div class=\"col-sm-6 col-md-4 col-lg-3  align-self-center px-0 py-3\"> <div class=\"logo_container\">  <img decoding=\"async\" src=\"https:\/\/www.pulse-group.org\/wp-content\/uploads\/2023\/10\/logo-kabubu.png\" alt=\"\" class=\"logo \" \/> <\/div>\n<\/div>\n<div class=\"col-sm-6 col-md-4 col-lg-3  align-self-center px-0 py-3\"> <div class=\"logo_container\">  <img decoding=\"async\" src=\"https:\/\/www.pulse-group.org\/wp-content\/uploads\/2023\/10\/tireliredavenir_logo.png\" alt=\"\" class=\"logo \" \/> <\/div>\n<\/div>\n<div class=\"col-sm-6 col-md-4 col-lg-3  align-self-center px-0 py-3\"> <div class=\"logo_container\">  <img decoding=\"async\" src=\"https:\/\/www.pulse-group.org\/wp-content\/uploads\/2023\/10\/logo-sensee.png\" alt=\"\" class=\"logo \" \/> <\/div>\n<\/div>\n<div class=\"col-sm-6 col-md-4 col-lg-3  align-self-center px-0 py-3\"> <div class=\"logo_container\">  <img decoding=\"async\" src=\"https:\/\/www.pulse-group.org\/wp-content\/uploads\/2023\/10\/logo-fairspace.png\" alt=\"\" class=\"logo \" \/> <\/div>\n<\/div>\n<\/div>\n<\/div>\n<\/div>\n <\/div>\n<\/div>\n\n\n<div id=\"field_pow588db1bf608f4e8d\" class=\"container-fluid px-0 flexible_section block_categorygrid\">\n <div id=\"field_pow588db1bf608f4e8d_inner\" class=\"container flexible_section_inner\">\n\n  <div class=\"row flexible_section_title_container\"><div class=\"col-12 flexible_section_title_col\"><h2 class=\"flexible_section_title mb-3 text-left  \">PROGRAMS SUPPORTED BY PULSE Montreuil <\/h2><\/div><\/div>\n<div class=\"container-fluid px-0\" id=\"grid_pow588db1bf608f4e8d_outer\">\n<div class=\"container px-0\">\n  <div class=\"row row-cols-1 row-cols-md-3 row-cols-lg-3 flexible_section_content\" id=\"grid_pow588db1bf608f4e8d\">\n   <div class=\"col-sm-12 col-md-4 col-lg-4  item mb-3 elem-1\">\n<div class=\"item_content linkable bg-orange white p-3 h-100 elem_programme_entite\" data-dest=\"https:\/\/www.pulse-group.org\/en\/programs\/ellesensemble\/\">\r\n<h3 class=\"white\">EllesEnsemble<\/h3>\r\n<div class=\"item_content_excerpt\"><p>Benefit from impact-focused support, including group workshops, coaching and a range of events, with the aim of sustaining and developing your business<\/p>\n<\/div>\r\n<div class=\"item_more text-right\"><a href=\"https:\/\/www.pulse-group.org\/en\/programs\/ellesensemble\/\" class=\"buttonbleu\">Lire la suite<\/a><\/div>\r\n<\/div>   <\/div>\n   <div class=\"col-sm-12 col-md-4 col-lg-4  item mb-3 elem-2\">\n<div class=\"item_content linkable bg-orange white p-3 h-100 elem_programme_entite\" data-dest=\"https:\/\/www.pulse-group.org\/en\/programs\/lasaisoncirculaire\/\">\r\n<h3 class=\"white\">LaSaisonCirculaire<\/h3>\r\n<div class=\"item_content_excerpt\"><p>6-month incubation programme for project leaders in the circular economy<\/p>\n<\/div>\r\n<div class=\"item_more text-right\"><a href=\"https:\/\/www.pulse-group.org\/en\/programs\/lasaisoncirculaire\/\" class=\"buttonbleu\">Lire la suite<\/a><\/div>\r\n<\/div>   <\/div>\n   <div class=\"col-sm-12 col-md-4 col-lg-4  item mb-3 elem-3\">\n<div class=\"item_content linkable bg-orange white p-3 h-100 elem_programme_entite\" data-dest=\"https:\/\/www.pulse-group.org\/en\/programs\/lasaisonsolidaire\/\">\r\n<h3 class=\"white\">LaSaisonSolidaire<\/h3>\r\n<div class=\"item_content_excerpt\"><p>6-month incubation programme for project leaders working on one or more solidarity issues<\/p>\n<\/div>\r\n<div class=\"item_more text-right\"><a href=\"https:\/\/www.pulse-group.org\/en\/programs\/lasaisonsolidaire\/\" class=\"buttonbleu\">Lire la suite<\/a><\/div>\r\n<\/div>   <\/div>\n   <div class=\"col-sm-12 col-md-4 col-lg-4  item mb-3 elem-4\">\n<div class=\"item_content linkable bg-orange white p-3 h-100 elem_programme_entite\" data-dest=\"https:\/\/www.pulse-group.org\/en\/programs\/nouveaucap\/\">\r\n<h3 class=\"white\">NouveauCap<\/h3>\r\n<div class=\"item_content_excerpt\"><p>A support programme for anyone over 45 who wants to give new meaning to their career by exploring the possibilities offered by impact entrepreneurship<\/p>\n<\/div>\r\n<div class=\"item_more text-right\"><a href=\"https:\/\/www.pulse-group.org\/en\/programs\/nouveaucap\/\" class=\"buttonbleu\">Lire la suite<\/a><\/div>\r\n<\/div>   <\/div>\n   <div class=\"col-sm-12 col-md-4 col-lg-4  item mb-3 elem-5\">\n<div class=\"item_content linkable bg-orange white p-3 h-100 elem_programme_entite\" data-dest=\"https:\/\/www.pulse-group.org\/en\/programs\/fonds-parisien-pour-linnovation\/\">\r\n<h3 class=\"white\">Fonds parisien pour l\u2019innovation<\/h3>\r\n<div class=\"item_content_excerpt\"><p>12 months\u2019 support program, including one-to-one coaching, themed workshops, events, webinars<\/p>\n<\/div>\r\n<div class=\"item_more text-right\"><a href=\"https:\/\/www.pulse-group.org\/en\/programs\/fonds-parisien-pour-linnovation\/\" class=\"buttonbleu\">Lire la suite<\/a><\/div>\r\n<\/div>   <\/div>\n   <div class=\"col-sm-12 col-md-4 col-lg-4  item mb-3 elem-6\">\n<div class=\"item_content linkable bg-orange white p-3 h-100 elem_programme_entite\" data-dest=\"https:\/\/www.pulse-group.org\/en\/programs\/innovup\/\">\r\n<h3 class=\"white\">Innov&#8217;up<\/h3>\r\n<div class=\"item_content_excerpt\"><\/div>\r\n<div class=\"item_more text-right\"><a href=\"https:\/\/www.pulse-group.org\/en\/programs\/innovup\/\" class=\"buttonbleu\">Lire la suite<\/a><\/div>\r\n<\/div>   <\/div>\n  <\/div>\n<\/div>\n<\/div>\n <\/div>\n<\/div>\n\n\n<div id=\"field_pow588db1bf608f4e8d\" class=\"container-fluid px-0 flexible_section block_categorygrid\">\n <div id=\"field_pow588db1bf608f4e8d_inner\" class=\"container flexible_section_inner\">\n\n  <div class=\"row flexible_section_title_container\"><div class=\"col-12 flexible_section_title_col\"><h2 class=\"flexible_section_title mb-3 text-left  \">LES PROGRAMMES PORT\u00c9S PAR PULSE Marseille<\/h2><\/div><\/div>\n<div class=\"container-fluid px-0\" id=\"grid_pow588db1bf608f4e8d_outer\">\n<div class=\"container px-0\">\n  <div class=\"row row-cols-1 row-cols-md-3 row-cols-lg-3 flexible_section_content\" id=\"grid_pow588db1bf608f4e8d\">\n   <div class=\"col-sm-12 col-md-4 col-lg-4  item mb-3 elem-1\">\n<div class=\"item_content linkable bg-orange white p-3 h-100 elem_programme_entite\" data-dest=\"https:\/\/www.pulse-group.org\/en\/programs\/ellesensemble-marseille\/\">\r\n<h3 class=\"white\">EllesEnsemble Marseille<\/h3>\r\n<div class=\"item_content_excerpt\"><p><span class=\"TextRun SCXW14127801 BCX0\" lang=\"FR-FR\" xml:lang=\"FR-FR\"><span class=\"NormalTextRun SCXW14127801 BCX0\">Support programme for women entrepreneurs and those wishing to embark on an entrepreneurial adventure<\/span><\/span><\/p>\n<\/div>\r\n<div class=\"item_more text-right\"><a href=\"https:\/\/www.pulse-group.org\/en\/programs\/ellesensemble-marseille\/\" class=\"buttonbleu\">Lire la suite<\/a><\/div>\r\n<\/div>   <\/div>\n  <\/div>\n<\/div>\n<\/div>\n <\/div>\n<\/div>\n","protected":false},"excerpt":{"rendered":"<p>Chez PULSE France, nous croyons en la puissance du collectif et de la collaboration. Le passage par nos programmes d\u2019accompagnement ne se limite pas \u00e0 l\u2019incubation ; il s\u2019\u00e9tend bien au-del\u00e0 pour soutenir nos entrepreneurs sociaux dans leur qu\u00eate d\u00e9veloppement et d\u2019impact.<\/p>\n","protected":false},"author":1,"featured_media":0,"parent":0,"menu_order":0,"comment_status":"closed","ping_status":"closed","template":"page-flexipow.php","meta":{"_acf_changed":false,"inline_featured_image":false,"footnotes":""},"class_list":["post-6395","page","type-page","status-publish","hentry"],"acf":[],"yoast_head":"<!-- This site is optimized with the Yoast SEO plugin v27.4 - https:\/\/yoast.com\/product\/yoast-seo-wordpress\/ -->\n<title>Pulse France - PULSE<\/title>\n<meta name=\"description\" content=\"Chez PULSE France, nous croyons en la puissance du collectif et de la collaboration. Le passage par nos programmes d\u2019accompagnement ne se limite pas \u00e0 l\u2019incubation ; il s\u2019\u00e9tend bien au-del\u00e0 pour soutenir nos entrepreneurs sociaux dans leur qu\u00eate d\u00e9veloppement et d\u2019impact.\" \/>\n<meta name=\"robots\" content=\"index, follow, max-snippet:-1, max-image-preview:large, max-video-preview:-1\" \/>\n<link rel=\"canonical\" href=\"https:\/\/www.pulse-group.org\/en\/pulse-france\/\" \/>\n<meta property=\"og:locale\" content=\"en_US\" \/>\n<meta property=\"og:type\" content=\"article\" \/>\n<meta property=\"og:title\" content=\"Pulse France - PULSE\" \/>\n<meta property=\"og:description\" content=\"Chez PULSE France, nous croyons en la puissance du collectif et de la collaboration. Le passage par nos programmes d\u2019accompagnement ne se limite pas \u00e0 l\u2019incubation ; il s\u2019\u00e9tend bien au-del\u00e0 pour soutenir nos entrepreneurs sociaux dans leur qu\u00eate d\u00e9veloppement et d\u2019impact.\" \/>\n<meta property=\"og:url\" content=\"https:\/\/www.pulse-group.org\/en\/pulse-france\/\" \/>\n<meta property=\"og:site_name\" content=\"PULSE\" \/>\n<meta property=\"article:publisher\" content=\"https:\/\/www.facebook.com\/Pulse.GroupeSOS\/\" \/>\n<meta property=\"article:modified_time\" content=\"2024-03-21T16:34:13+00:00\" \/>\n<meta name=\"twitter:card\" content=\"summary_large_image\" \/>\n<meta name=\"twitter:site\" content=\"@Pulse_GroupeSOS\" \/>\n<meta name=\"twitter:label1\" content=\"Est. reading time\" \/>\n\t<meta name=\"twitter:data1\" content=\"4 minutes\" \/>\n<script type=\"application\/ld+json\" class=\"yoast-schema-graph\">{\"@context\":\"https:\\\/\\\/schema.org\",\"@graph\":[{\"@type\":\"WebPage\",\"@id\":\"https:\\\/\\\/www.pulse-group.org\\\/en\\\/pulse-france\\\/\",\"url\":\"https:\\\/\\\/www.pulse-group.org\\\/en\\\/pulse-france\\\/\",\"name\":\"Pulse France - PULSE\",\"isPartOf\":{\"@id\":\"https:\\\/\\\/www.pulse-group.org\\\/en\\\/#website\"},\"datePublished\":\"2023-10-25T13:18:34+00:00\",\"dateModified\":\"2024-03-21T16:34:13+00:00\",\"description\":\"Chez PULSE France, nous croyons en la puissance du collectif et de la collaboration. Le passage par nos programmes d\u2019accompagnement ne se limite pas \u00e0 l\u2019incubation ; il s\u2019\u00e9tend bien au-del\u00e0 pour soutenir nos entrepreneurs sociaux dans leur qu\u00eate d\u00e9veloppement et d\u2019impact.\",\"breadcrumb\":{\"@id\":\"https:\\\/\\\/www.pulse-group.org\\\/en\\\/pulse-france\\\/#breadcrumb\"},\"inLanguage\":\"en-US\",\"potentialAction\":[{\"@type\":\"ReadAction\",\"target\":[\"https:\\\/\\\/www.pulse-group.org\\\/en\\\/pulse-france\\\/\"]}]},{\"@type\":\"BreadcrumbList\",\"@id\":\"https:\\\/\\\/www.pulse-group.org\\\/en\\\/pulse-france\\\/#breadcrumb\",\"itemListElement\":[{\"@type\":\"ListItem\",\"position\":1,\"name\":\"Accueil\",\"item\":\"https:\\\/\\\/www.pulse-group.org\\\/en\\\/\"},{\"@type\":\"ListItem\",\"position\":2,\"name\":\"Pulse France\"}]},{\"@type\":\"WebSite\",\"@id\":\"https:\\\/\\\/www.pulse-group.org\\\/en\\\/#website\",\"url\":\"https:\\\/\\\/www.pulse-group.org\\\/en\\\/\",\"name\":\"PULSE\",\"description\":\"Entrepreneuriat \u00e0 impact\",\"publisher\":{\"@id\":\"https:\\\/\\\/www.pulse-group.org\\\/en\\\/#organization\"},\"potentialAction\":[{\"@type\":\"SearchAction\",\"target\":{\"@type\":\"EntryPoint\",\"urlTemplate\":\"https:\\\/\\\/www.pulse-group.org\\\/en\\\/?s={search_term_string}\"},\"query-input\":{\"@type\":\"PropertyValueSpecification\",\"valueRequired\":true,\"valueName\":\"search_term_string\"}}],\"inLanguage\":\"en-US\"},{\"@type\":\"Organization\",\"@id\":\"https:\\\/\\\/www.pulse-group.org\\\/en\\\/#organization\",\"name\":\"PULSE\",\"url\":\"https:\\\/\\\/www.pulse-group.org\\\/en\\\/\",\"logo\":{\"@type\":\"ImageObject\",\"inLanguage\":\"en-US\",\"@id\":\"https:\\\/\\\/www.pulse-group.org\\\/en\\\/#\\\/schema\\\/logo\\\/image\\\/\",\"url\":\"https:\\\/\\\/www.pulse-group.org\\\/wp-content\\\/uploads\\\/2023\\\/08\\\/PULSE_LOGO_COULEUR.svg\",\"contentUrl\":\"https:\\\/\\\/www.pulse-group.org\\\/wp-content\\\/uploads\\\/2023\\\/08\\\/PULSE_LOGO_COULEUR.svg\",\"width\":348,\"height\":214,\"caption\":\"PULSE\"},\"image\":{\"@id\":\"https:\\\/\\\/www.pulse-group.org\\\/en\\\/#\\\/schema\\\/logo\\\/image\\\/\"},\"sameAs\":[\"https:\\\/\\\/www.facebook.com\\\/Pulse.GroupeSOS\\\/\",\"https:\\\/\\\/x.com\\\/Pulse_GroupeSOS\",\"https:\\\/\\\/www.linkedin.com\\\/company\\\/groupe-sos-pulse\\\/\"]}]}<\/script>\n<!-- \/ Yoast SEO plugin. -->","yoast_head_json":{"title":"Pulse France - PULSE","description":"Chez PULSE France, nous croyons en la puissance du collectif et de la collaboration. Le passage par nos programmes d\u2019accompagnement ne se limite pas \u00e0 l\u2019incubation ; il s\u2019\u00e9tend bien au-del\u00e0 pour soutenir nos entrepreneurs sociaux dans leur qu\u00eate d\u00e9veloppement et d\u2019impact.","robots":{"index":"index","follow":"follow","max-snippet":"max-snippet:-1","max-image-preview":"max-image-preview:large","max-video-preview":"max-video-preview:-1"},"canonical":"https:\/\/www.pulse-group.org\/en\/pulse-france\/","og_locale":"en_US","og_type":"article","og_title":"Pulse France - PULSE","og_description":"Chez PULSE France, nous croyons en la puissance du collectif et de la collaboration. Le passage par nos programmes d\u2019accompagnement ne se limite pas \u00e0 l\u2019incubation ; il s\u2019\u00e9tend bien au-del\u00e0 pour soutenir nos entrepreneurs sociaux dans leur qu\u00eate d\u00e9veloppement et d\u2019impact.","og_url":"https:\/\/www.pulse-group.org\/en\/pulse-france\/","og_site_name":"PULSE","article_publisher":"https:\/\/www.facebook.com\/Pulse.GroupeSOS\/","article_modified_time":"2024-03-21T16:34:13+00:00","twitter_card":"summary_large_image","twitter_site":"@Pulse_GroupeSOS","twitter_misc":{"Est. reading time":"4 minutes"},"schema":{"@context":"https:\/\/schema.org","@graph":[{"@type":"WebPage","@id":"https:\/\/www.pulse-group.org\/en\/pulse-france\/","url":"https:\/\/www.pulse-group.org\/en\/pulse-france\/","name":"Pulse France - PULSE","isPartOf":{"@id":"https:\/\/www.pulse-group.org\/en\/#website"},"datePublished":"2023-10-25T13:18:34+00:00","dateModified":"2024-03-21T16:34:13+00:00","description":"Chez PULSE France, nous croyons en la puissance du collectif et de la collaboration. Le passage par nos programmes d\u2019accompagnement ne se limite pas \u00e0 l\u2019incubation ; il s\u2019\u00e9tend bien au-del\u00e0 pour soutenir nos entrepreneurs sociaux dans leur qu\u00eate d\u00e9veloppement et d\u2019impact.","breadcrumb":{"@id":"https:\/\/www.pulse-group.org\/en\/pulse-france\/#breadcrumb"},"inLanguage":"en-US","potentialAction":[{"@type":"ReadAction","target":["https:\/\/www.pulse-group.org\/en\/pulse-france\/"]}]},{"@type":"BreadcrumbList","@id":"https:\/\/www.pulse-group.org\/en\/pulse-france\/#breadcrumb","itemListElement":[{"@type":"ListItem","position":1,"name":"Accueil","item":"https:\/\/www.pulse-group.org\/en\/"},{"@type":"ListItem","position":2,"name":"Pulse France"}]},{"@type":"WebSite","@id":"https:\/\/www.pulse-group.org\/en\/#website","url":"https:\/\/www.pulse-group.org\/en\/","name":"PULSE","description":"Entrepreneuriat \u00e0 impact","publisher":{"@id":"https:\/\/www.pulse-group.org\/en\/#organization"},"potentialAction":[{"@type":"SearchAction","target":{"@type":"EntryPoint","urlTemplate":"https:\/\/www.pulse-group.org\/en\/?s={search_term_string}"},"query-input":{"@type":"PropertyValueSpecification","valueRequired":true,"valueName":"search_term_string"}}],"inLanguage":"en-US"},{"@type":"Organization","@id":"https:\/\/www.pulse-group.org\/en\/#organization","name":"PULSE","url":"https:\/\/www.pulse-group.org\/en\/","logo":{"@type":"ImageObject","inLanguage":"en-US","@id":"https:\/\/www.pulse-group.org\/en\/#\/schema\/logo\/image\/","url":"https:\/\/www.pulse-group.org\/wp-content\/uploads\/2023\/08\/PULSE_LOGO_COULEUR.svg","contentUrl":"https:\/\/www.pulse-group.org\/wp-content\/uploads\/2023\/08\/PULSE_LOGO_COULEUR.svg","width":348,"height":214,"caption":"PULSE"},"image":{"@id":"https:\/\/www.pulse-group.org\/en\/#\/schema\/logo\/image\/"},"sameAs":["https:\/\/www.facebook.com\/Pulse.GroupeSOS\/","https:\/\/x.com\/Pulse_GroupeSOS","https:\/\/www.linkedin.com\/company\/groupe-sos-pulse\/"]}]}},"_links":{"self":[{"href":"https:\/\/www.pulse-group.org\/en\/wp-json\/wp\/v2\/pages\/6395","targetHints":{"allow":["GET"]}}],"collection":[{"href":"https:\/\/www.pulse-group.org\/en\/wp-json\/wp\/v2\/pages"}],"about":[{"href":"https:\/\/www.pulse-group.org\/en\/wp-json\/wp\/v2\/types\/page"}],"author":[{"embeddable":true,"href":"https:\/\/www.pulse-group.org\/en\/wp-json\/wp\/v2\/users\/1"}],"replies":[{"embeddable":true,"href":"https:\/\/www.pulse-group.org\/en\/wp-json\/wp\/v2\/comments?post=6395"}],"version-history":[{"count":3,"href":"https:\/\/www.pulse-group.org\/en\/wp-json\/wp\/v2\/pages\/6395\/revisions"}],"predecessor-version":[{"id":6452,"href":"https:\/\/www.pulse-group.org\/en\/wp-json\/wp\/v2\/pages\/6395\/revisions\/6452"}],"wp:attachment":[{"href":"https:\/\/www.pulse-group.org\/en\/wp-json\/wp\/v2\/media?parent=6395"}],"curies":[{"name":"wp","href":"https:\/\/api.w.org\/{rel}","templated":true}]}}