{"id":6448,"date":"2023-07-26T16:22:35","date_gmt":"2023-07-26T14:22:35","guid":{"rendered":"https:\/\/www.pulse-group.org\/qui-sommes-nous\/notre-plaidoyer\/"},"modified":"2024-03-21T17:06:23","modified_gmt":"2024-03-21T16:06:23","slug":"notre-plaidoyer","status":"publish","type":"page","link":"https:\/\/www.pulse-group.org\/en\/qui-sommes-nous\/notre-plaidoyer\/","title":{"rendered":"Our advocacy campaign"},"content":{"rendered":"<div id=\"field_pow12935363397040e0\" class=\"container-fluid px-0 flexible_section pageheader block_columns\">\n <div id=\"field_pow12935363397040e0_inner\" class=\"container flexible_section_inner\">\n\n   <div class=\"row flexible_section_content\">\n\n   <div class=\"mb-3 mb-sm-0 col-sm-6 colonne colonne1\">\n    <div class=\"colonne_inner text-left d-flex align-items-center justify-content-start\">\n    <div class=\"colonne_inner_sub \">\n<p>WHO ARE WE?<\/p>\n<h1>ADVOCACY CAMPAIGN<\/h1>\n    <\/div>\n    <\/div>\n   <\/div>\n   <div class=\"col-sm-6 colonne colonne2\">\n    <div class=\"colonne_inner  text-right\">\n<p><img loading=\"lazy\" decoding=\"async\" class=\"alignnone size-medium wp-image-3482\" src=\"https:\/\/www.pulse-group.org\/wp-content\/uploads\/2023\/08\/header-manifeste-300x181.png\" alt=\"\" width=\"300\" height=\"181\" srcset=\"https:\/\/www.pulse-group.org\/wp-content\/uploads\/2023\/08\/header-manifeste-300x181.png 300w, https:\/\/www.pulse-group.org\/wp-content\/uploads\/2023\/08\/header-manifeste.png 412w\" sizes=\"auto, (max-width: 300px) 100vw, 300px\" \/><\/p>\n    <\/div>\n   <\/div>\n  <\/div>\n\n <\/div>\n<\/div>\n\n\n<div id=\"field_pow1f27b869c10f47b8\" class=\"container-fluid px-0 flexible_section block_columns\">\n <div id=\"field_pow1f27b869c10f47b8_inner\" class=\"container flexible_section_inner\">\n\n  <div class=\"row flexible_section_title_container\"><div class=\"col-12 flexible_section_title_col\"><h2 class=\"flexible_section_title mb-3 text-left  orange \">FOR IMPACT ENTREPRENEURSHIP ACCESSIBLE TO ALL<\/h2><\/div><\/div>\n   <div class=\"row flexible_section_content\">\n\n   <div class=\"mb-3 mb-sm-0 col-sm-6 colonne colonne1\">\n    <div class=\"colonne_inner  text-left\">\n<p>Considering that in order to better fulfil our social vocation, we also needed to seek to improve the SSE ecosystem as a whole, focusing in particular on the gaps identified and the solutions we believe in, PULSE launched its first advocacy campaign in 2022.<\/p>\n<p>It focuses on the accessibility of impact entrepreneurship and has been designed using a collective approach within PULSE. In fact, our advocacy is based on our global theory of change, the issues common to each of our incubators, and by setting up an editorial committee bringing together expertise from the field in each of our locations.<\/p>\n    <\/div>\n   <\/div>\n   <div class=\"col-sm-6 colonne colonne2\">\n    <div class=\"colonne_inner  text-left\">\n<p>Launched at the World Impact Summit in December 2022, this first text aims above all to lay the foundations for an advocacy strategy to make impact entrepreneurship more accessible, particularly in Africa and Europe. Through this position paper, PULSE aims to propose concrete solutions to encourage the development of impact entrepreneurship in its areas of intervention, particularly for so-called marginalised groups. PULSE&#8217;s advocacy aims to make the association&#8217;s actions more visible and understandable to its stakeholders (entrepreneurs, donors, ecosystem partners, etc.). PULSE&#8217;s advocacy also aims to change practices, legislation and support mechanisms for the social and solidarity economy by initiating a dissemination strategy in 2023 aimed at political decision-makers.<\/p>\n    <\/div>\n   <\/div>\n  <\/div>\n\n  <div class=\"row flexible_section_footer\"><div class=\"col\"><p style=\"text-align: center\"><a class=\"buttonbleu\" href=\"https:\/\/www.pulse-group.org\/wp-content\/uploads\/2023\/08\/PULSE_2022_Plaidoyer.pdf\">DOWNLOAD THE ADVOCACY CAMPAIGN<\/a><\/p>\n<\/div><\/div>\n\n<div class=\"shapedivider_container container\" id=\"shapedivider_pow1f27b869c10f47b8_bottom_container\">\n<div id=\"shapedivider_pow1f27b869c10f47b8_bottom\" class=\"shapedivider_outer\">\n<svg data-name=\"Layer 1\" xmlns=\"http:\/\/www.w3.org\/2000\/svg\" viewBox=\"0 0 1200 120\" preserveAspectRatio=\"none\">\n<path d=\"M321.39,56.44c58-10.79,114.16-30.13,172-41.86,82.39-16.72,168.19-17.73,250.45-.39C823.78,31,906.67,72,985.66,92.83c70.05,18.48,146.53,26.09,214.34,3V0H0V27.35A600.21,600.21,0,0,0,321.39,56.44Z\" class=\"shape-fill\"><\/path>\n<\/svg>\n<\/div>\n<\/div>\n\n <\/div>\n<\/div>\n\n\n<div id=\"field_powbd0a7d48056f44d0\" class=\"container-fluid px-0 flexible_section block_columns\">\n <div id=\"field_powbd0a7d48056f44d0_inner\" class=\"container flexible_section_inner\">\n\n  <div class=\"row flexible_section_title_container\"><div class=\"col-12 flexible_section_title_col\"><h2 class=\"flexible_section_title mb-3 text-left  white \">OUR PROPOSALS <\/h2><\/div><\/div>\n   <div class=\"row flexible_section_content\">\n\n   <div class=\"pointsplaidoyer mb-3 mb-sm-0 col-sm-6 colonne colonne1\">\n    <div class=\"colonne_inner  text-left\">\n<h2>impact entrepreneurship for all audiences<\/h2>\n<ul>\n<li>\n<h3>#1<\/h3>\n<p>Bring together the public, voluntary and private sectors to carry out joint awareness-raising initiatives aimed at audiences far removed from the impact entrepreneurship ecosystem<\/li>\n<li>\n<h3>#2<\/h3>\n<p>Develop tailored programmes, particularly for people who are under-represented in traditional entrepreneurship, to enable them to set up their own business and acquire new skills in the process<\/li>\n<li>\n<h3>#3<\/h3>\n<p>Raise the profile and widen the scope of impact entrepreneurship by highlighting success stories, whether in the formal or informal sector<\/li>\n<\/ul>\n<p>&nbsp;<\/p>\n    <\/div>\n   <\/div>\n   <div class=\"pointsplaidoyer col-sm-6 colonne colonne2\">\n    <div class=\"colonne_inner  text-left\">\n<h2>impact entrepreneurship more firmly rooted in the regions<\/h2>\n<ul>\n<li>\n<h3>#1<\/h3>\n<p>Multiply the deployment of support programmes in a cross-border dynamic to encourage the sharing of good practice and the emergence of international impact entrepreneurship ecosystems<\/li>\n<li>\n<h3>#2<\/h3>\n<p>Relocate support structures from major cities to the regions to encourage the multiplication of entrepreneurial initiatives in the regions<\/li>\n<li>\n<h3>#3<\/h3>\n<p>Strengthen networks of support professionals at local level to better respond to the needs of entrepreneurs, as close to home as possible<\/li>\n<\/ul>\n<p>&nbsp;<\/p>\n    <\/div>\n   <\/div>\n  <\/div>\n\n <\/div>\n<\/div>\n\n\n<div id=\"field_powea20d4e3dd9d449b\" class=\"container-fluid px-0 flexible_section block_columns\">\n <div id=\"field_powea20d4e3dd9d449b_inner\" class=\"container flexible_section_inner\">\n\n   <div class=\"row flexible_section_content\">\n\n   <div class=\"pointsplaidoyer mb-3 mb-sm-0 col-sm-6 colonne colonne1\">\n    <div class=\"colonne_inner  text-left\">\n<h2>fairer access to financing<\/h2>\n<ul>\n<li>\n<h3>#1<\/h3>\n<p>Encourage better collaboration between support providers and financiers to give entrepreneurs easier access to financing opportunities at all stages of their development<\/li>\n<li>\n<h3>#2<\/h3>\n<p>Securing the legislative framework for loans of honour, with easier conditions for companies demonstrating a positive social and\/or environmental impact<\/li>\n<li>\n<h3>#3<\/h3>\n<p>Raise awareness of the impact entrepreneurship ecosystem among Business Angels, key players in the financing process, and provide them with training so that they can target their investments more effectively, particularly at projects in the seed phase<\/li>\n<\/ul>\n<p>&nbsp;<\/p>\n    <\/div>\n   <\/div>\n   <div class=\"pointsplaidoyer col-sm-6 colonne colonne2\">\n    <div class=\"colonne_inner  text-left\">\n<h2>impact entrepreneurship that unites and strengthens local players<\/h2>\n<ul>\n<li>\n<h3>#1<\/h3>\n<p>Encourage multi-stakeholder working &#8211; at national and international level &#8211; so as to promote the sharing and transmission of know-how to better meet the needs of project leaders<\/li>\n<li>\n<h3>#2<\/h3>\n<p>Build more bridges between players in the impact economy and social workers, so as to raise awareness of the opportunities offered by entrepreneurship<\/li>\n<li>\n<h3>#3<\/h3>\n<p>Build the capacity of local players (impact economy operators, integration structures, universities, civil society organisations) to provide better guidance and support for would-be impact entrepreneurs<\/li>\n<\/ul>\n<p>&nbsp;<\/p>\n    <\/div>\n   <\/div>\n  <\/div>\n\n <\/div>\n<\/div>\n","protected":false},"excerpt":{"rendered":"<p>Que nous vivons une \u00e9poque charni\u00e8re, dans laquelle le mythe de la croissance infinie se confronte<br \/>\n\u00e0 la n\u00e9cessit\u00e9 de trouver des r\u00e9ponses aux enjeux sociaux et environnementaux dont l\u2019ampleur<br \/>\ns\u2019acc\u00e9l\u00e8re.<\/p>\n","protected":false},"author":1,"featured_media":0,"parent":5788,"menu_order":0,"comment_status":"closed","ping_status":"closed","template":"page-flexipow.php","meta":{"_acf_changed":false,"inline_featured_image":false,"footnotes":""},"class_list":["post-6448","page","type-page","status-publish","hentry"],"acf":[],"yoast_head":"<!-- This site is optimized with the Yoast SEO plugin v27.4 - https:\/\/yoast.com\/product\/yoast-seo-wordpress\/ -->\n<title>Our advocacy campaign - PULSE<\/title>\n<meta name=\"description\" content=\"Que nous vivons une \u00e9poque charni\u00e8re, dans laquelle le mythe de la croissance infinie se confronte \u00e0 la n\u00e9cessit\u00e9 de trouver des r\u00e9ponses aux enjeux sociaux et environnementaux dont l\u2019ampleur s\u2019acc\u00e9l\u00e8re.\" \/>\n<meta name=\"robots\" content=\"index, follow, max-snippet:-1, max-image-preview:large, max-video-preview:-1\" \/>\n<link rel=\"canonical\" href=\"https:\/\/www.pulse-group.org\/en\/qui-sommes-nous\/notre-plaidoyer\/\" \/>\n<meta property=\"og:locale\" content=\"en_US\" \/>\n<meta property=\"og:type\" content=\"article\" \/>\n<meta property=\"og:title\" content=\"Our advocacy campaign - PULSE\" \/>\n<meta property=\"og:description\" content=\"Que nous vivons une \u00e9poque charni\u00e8re, dans laquelle le mythe de la croissance infinie se confronte \u00e0 la n\u00e9cessit\u00e9 de trouver des r\u00e9ponses aux enjeux sociaux et environnementaux dont l\u2019ampleur s\u2019acc\u00e9l\u00e8re.\" \/>\n<meta property=\"og:url\" content=\"https:\/\/www.pulse-group.org\/en\/qui-sommes-nous\/notre-plaidoyer\/\" \/>\n<meta property=\"og:site_name\" content=\"PULSE\" \/>\n<meta property=\"article:publisher\" content=\"https:\/\/www.facebook.com\/Pulse.GroupeSOS\/\" \/>\n<meta property=\"article:modified_time\" content=\"2024-03-21T16:06:23+00:00\" \/>\n<meta name=\"twitter:card\" content=\"summary_large_image\" \/>\n<meta name=\"twitter:site\" content=\"@Pulse_GroupeSOS\" \/>\n<meta name=\"twitter:label1\" content=\"Est. reading time\" \/>\n\t<meta name=\"twitter:data1\" content=\"4 minutes\" \/>\n<script type=\"application\/ld+json\" class=\"yoast-schema-graph\">{\"@context\":\"https:\\\/\\\/schema.org\",\"@graph\":[{\"@type\":\"WebPage\",\"@id\":\"https:\\\/\\\/www.pulse-group.org\\\/en\\\/qui-sommes-nous\\\/notre-plaidoyer\\\/\",\"url\":\"https:\\\/\\\/www.pulse-group.org\\\/en\\\/qui-sommes-nous\\\/notre-plaidoyer\\\/\",\"name\":\"Our advocacy campaign - PULSE\",\"isPartOf\":{\"@id\":\"https:\\\/\\\/www.pulse-group.org\\\/en\\\/#website\"},\"datePublished\":\"2023-07-26T14:22:35+00:00\",\"dateModified\":\"2024-03-21T16:06:23+00:00\",\"description\":\"Que nous vivons une \u00e9poque charni\u00e8re, dans laquelle le mythe de la croissance infinie se confronte \u00e0 la n\u00e9cessit\u00e9 de trouver des r\u00e9ponses aux enjeux sociaux et environnementaux dont l\u2019ampleur s\u2019acc\u00e9l\u00e8re.\",\"breadcrumb\":{\"@id\":\"https:\\\/\\\/www.pulse-group.org\\\/en\\\/qui-sommes-nous\\\/notre-plaidoyer\\\/#breadcrumb\"},\"inLanguage\":\"en-US\",\"potentialAction\":[{\"@type\":\"ReadAction\",\"target\":[\"https:\\\/\\\/www.pulse-group.org\\\/en\\\/qui-sommes-nous\\\/notre-plaidoyer\\\/\"]}]},{\"@type\":\"BreadcrumbList\",\"@id\":\"https:\\\/\\\/www.pulse-group.org\\\/en\\\/qui-sommes-nous\\\/notre-plaidoyer\\\/#breadcrumb\",\"itemListElement\":[{\"@type\":\"ListItem\",\"position\":1,\"name\":\"Accueil\",\"item\":\"https:\\\/\\\/www.pulse-group.org\\\/en\\\/\"},{\"@type\":\"ListItem\",\"position\":2,\"name\":\"Qui sommes-nous ?\",\"item\":\"https:\\\/\\\/www.pulse-group.org\\\/en\\\/qui-sommes-nous\\\/\"},{\"@type\":\"ListItem\",\"position\":3,\"name\":\"Our advocacy campaign\"}]},{\"@type\":\"WebSite\",\"@id\":\"https:\\\/\\\/www.pulse-group.org\\\/en\\\/#website\",\"url\":\"https:\\\/\\\/www.pulse-group.org\\\/en\\\/\",\"name\":\"PULSE\",\"description\":\"Entrepreneuriat \u00e0 impact\",\"publisher\":{\"@id\":\"https:\\\/\\\/www.pulse-group.org\\\/en\\\/#organization\"},\"potentialAction\":[{\"@type\":\"SearchAction\",\"target\":{\"@type\":\"EntryPoint\",\"urlTemplate\":\"https:\\\/\\\/www.pulse-group.org\\\/en\\\/?s={search_term_string}\"},\"query-input\":{\"@type\":\"PropertyValueSpecification\",\"valueRequired\":true,\"valueName\":\"search_term_string\"}}],\"inLanguage\":\"en-US\"},{\"@type\":\"Organization\",\"@id\":\"https:\\\/\\\/www.pulse-group.org\\\/en\\\/#organization\",\"name\":\"PULSE\",\"url\":\"https:\\\/\\\/www.pulse-group.org\\\/en\\\/\",\"logo\":{\"@type\":\"ImageObject\",\"inLanguage\":\"en-US\",\"@id\":\"https:\\\/\\\/www.pulse-group.org\\\/en\\\/#\\\/schema\\\/logo\\\/image\\\/\",\"url\":\"https:\\\/\\\/www.pulse-group.org\\\/wp-content\\\/uploads\\\/2023\\\/08\\\/PULSE_LOGO_COULEUR.svg\",\"contentUrl\":\"https:\\\/\\\/www.pulse-group.org\\\/wp-content\\\/uploads\\\/2023\\\/08\\\/PULSE_LOGO_COULEUR.svg\",\"width\":348,\"height\":214,\"caption\":\"PULSE\"},\"image\":{\"@id\":\"https:\\\/\\\/www.pulse-group.org\\\/en\\\/#\\\/schema\\\/logo\\\/image\\\/\"},\"sameAs\":[\"https:\\\/\\\/www.facebook.com\\\/Pulse.GroupeSOS\\\/\",\"https:\\\/\\\/x.com\\\/Pulse_GroupeSOS\",\"https:\\\/\\\/www.linkedin.com\\\/company\\\/groupe-sos-pulse\\\/\"]}]}<\/script>\n<!-- \/ Yoast SEO plugin. -->","yoast_head_json":{"title":"Our advocacy campaign - PULSE","description":"Que nous vivons une \u00e9poque charni\u00e8re, dans laquelle le mythe de la croissance infinie se confronte \u00e0 la n\u00e9cessit\u00e9 de trouver des r\u00e9ponses aux enjeux sociaux et environnementaux dont l\u2019ampleur s\u2019acc\u00e9l\u00e8re.","robots":{"index":"index","follow":"follow","max-snippet":"max-snippet:-1","max-image-preview":"max-image-preview:large","max-video-preview":"max-video-preview:-1"},"canonical":"https:\/\/www.pulse-group.org\/en\/qui-sommes-nous\/notre-plaidoyer\/","og_locale":"en_US","og_type":"article","og_title":"Our advocacy campaign - PULSE","og_description":"Que nous vivons une \u00e9poque charni\u00e8re, dans laquelle le mythe de la croissance infinie se confronte \u00e0 la n\u00e9cessit\u00e9 de trouver des r\u00e9ponses aux enjeux sociaux et environnementaux dont l\u2019ampleur s\u2019acc\u00e9l\u00e8re.","og_url":"https:\/\/www.pulse-group.org\/en\/qui-sommes-nous\/notre-plaidoyer\/","og_site_name":"PULSE","article_publisher":"https:\/\/www.facebook.com\/Pulse.GroupeSOS\/","article_modified_time":"2024-03-21T16:06:23+00:00","twitter_card":"summary_large_image","twitter_site":"@Pulse_GroupeSOS","twitter_misc":{"Est. reading time":"4 minutes"},"schema":{"@context":"https:\/\/schema.org","@graph":[{"@type":"WebPage","@id":"https:\/\/www.pulse-group.org\/en\/qui-sommes-nous\/notre-plaidoyer\/","url":"https:\/\/www.pulse-group.org\/en\/qui-sommes-nous\/notre-plaidoyer\/","name":"Our advocacy campaign - PULSE","isPartOf":{"@id":"https:\/\/www.pulse-group.org\/en\/#website"},"datePublished":"2023-07-26T14:22:35+00:00","dateModified":"2024-03-21T16:06:23+00:00","description":"Que nous vivons une \u00e9poque charni\u00e8re, dans laquelle le mythe de la croissance infinie se confronte \u00e0 la n\u00e9cessit\u00e9 de trouver des r\u00e9ponses aux enjeux sociaux et environnementaux dont l\u2019ampleur s\u2019acc\u00e9l\u00e8re.","breadcrumb":{"@id":"https:\/\/www.pulse-group.org\/en\/qui-sommes-nous\/notre-plaidoyer\/#breadcrumb"},"inLanguage":"en-US","potentialAction":[{"@type":"ReadAction","target":["https:\/\/www.pulse-group.org\/en\/qui-sommes-nous\/notre-plaidoyer\/"]}]},{"@type":"BreadcrumbList","@id":"https:\/\/www.pulse-group.org\/en\/qui-sommes-nous\/notre-plaidoyer\/#breadcrumb","itemListElement":[{"@type":"ListItem","position":1,"name":"Accueil","item":"https:\/\/www.pulse-group.org\/en\/"},{"@type":"ListItem","position":2,"name":"Qui sommes-nous ?","item":"https:\/\/www.pulse-group.org\/en\/qui-sommes-nous\/"},{"@type":"ListItem","position":3,"name":"Our advocacy campaign"}]},{"@type":"WebSite","@id":"https:\/\/www.pulse-group.org\/en\/#website","url":"https:\/\/www.pulse-group.org\/en\/","name":"PULSE","description":"Entrepreneuriat \u00e0 impact","publisher":{"@id":"https:\/\/www.pulse-group.org\/en\/#organization"},"potentialAction":[{"@type":"SearchAction","target":{"@type":"EntryPoint","urlTemplate":"https:\/\/www.pulse-group.org\/en\/?s={search_term_string}"},"query-input":{"@type":"PropertyValueSpecification","valueRequired":true,"valueName":"search_term_string"}}],"inLanguage":"en-US"},{"@type":"Organization","@id":"https:\/\/www.pulse-group.org\/en\/#organization","name":"PULSE","url":"https:\/\/www.pulse-group.org\/en\/","logo":{"@type":"ImageObject","inLanguage":"en-US","@id":"https:\/\/www.pulse-group.org\/en\/#\/schema\/logo\/image\/","url":"https:\/\/www.pulse-group.org\/wp-content\/uploads\/2023\/08\/PULSE_LOGO_COULEUR.svg","contentUrl":"https:\/\/www.pulse-group.org\/wp-content\/uploads\/2023\/08\/PULSE_LOGO_COULEUR.svg","width":348,"height":214,"caption":"PULSE"},"image":{"@id":"https:\/\/www.pulse-group.org\/en\/#\/schema\/logo\/image\/"},"sameAs":["https:\/\/www.facebook.com\/Pulse.GroupeSOS\/","https:\/\/x.com\/Pulse_GroupeSOS","https:\/\/www.linkedin.com\/company\/groupe-sos-pulse\/"]}]}},"_links":{"self":[{"href":"https:\/\/www.pulse-group.org\/en\/wp-json\/wp\/v2\/pages\/6448","targetHints":{"allow":["GET"]}}],"collection":[{"href":"https:\/\/www.pulse-group.org\/en\/wp-json\/wp\/v2\/pages"}],"about":[{"href":"https:\/\/www.pulse-group.org\/en\/wp-json\/wp\/v2\/types\/page"}],"author":[{"embeddable":true,"href":"https:\/\/www.pulse-group.org\/en\/wp-json\/wp\/v2\/users\/1"}],"replies":[{"embeddable":true,"href":"https:\/\/www.pulse-group.org\/en\/wp-json\/wp\/v2\/comments?post=6448"}],"version-history":[{"count":1,"href":"https:\/\/www.pulse-group.org\/en\/wp-json\/wp\/v2\/pages\/6448\/revisions"}],"predecessor-version":[{"id":6450,"href":"https:\/\/www.pulse-group.org\/en\/wp-json\/wp\/v2\/pages\/6448\/revisions\/6450"}],"up":[{"embeddable":true,"href":"https:\/\/www.pulse-group.org\/en\/wp-json\/wp\/v2\/pages\/5788"}],"wp:attachment":[{"href":"https:\/\/www.pulse-group.org\/en\/wp-json\/wp\/v2\/media?parent=6448"}],"curies":[{"name":"wp","href":"https:\/\/api.w.org\/{rel}","templated":true}]}}